{"id":231,"date":"2024-07-21T13:06:21","date_gmt":"2024-07-21T12:06:21","guid":{"rendered":"http:\/\/147.135.210.225\/?page_id=231"},"modified":"2024-07-21T13:07:17","modified_gmt":"2024-07-21T12:07:17","slug":"dane-kontaktowe","status":"publish","type":"page","link":"http:\/\/flyelectronics.eu\/index.php\/kontakt\/dane-kontaktowe\/","title":{"rendered":"Dane kontaktowe"},"content":{"rendered":"\n<figure class=\"wp-block-image aligncenter size-full\"><img loading=\"lazy\" decoding=\"async\" width=\"375\" height=\"64\" src=\"http:\/\/147.135.210.225\/wp-content\/uploads\/2024\/07\/wysylki.png\" alt=\"\" class=\"wp-image-224\" srcset=\"http:\/\/flyelectronics.eu\/wp-content\/uploads\/2024\/07\/wysylki.png 375w, http:\/\/flyelectronics.eu\/wp-content\/uploads\/2024\/07\/wysylki-300x51.png 300w\" sizes=\"auto, (max-width: 375px) 100vw, 375px\" \/><\/figure>\n\n\n\n<p class=\"has-text-align-center\">Na ten adres wysy\u0142amy korespondencj\u0119 (paczki, listy, inne) :<\/p>\n\n\n\n<p class=\"has-text-align-center\">(Shipping addres):<\/p>\n\n\n\n<p class=\"has-text-align-center\">Flyelectronics&nbsp;<\/p>\n\n\n\n<p class=\"has-text-align-center\">ul. Na wzg\u00f3rzu 2&nbsp;<\/p>\n\n\n\n<p class=\"has-text-align-center\">84-207 Koleczkowo<\/p>\n\n\n\n<p class=\"has-text-align-center\">tel. 790011800<\/p>\n\n\n\n<div style=\"height:100px\" aria-hidden=\"true\" class=\"wp-block-spacer\"><\/div>\n\n\n\n<figure class=\"wp-block-image aligncenter size-full\"><img loading=\"lazy\" decoding=\"async\" width=\"375\" height=\"64\" src=\"http:\/\/147.135.210.225\/wp-content\/uploads\/2024\/07\/Dane_firmy.png\" alt=\"\" class=\"wp-image-225\" srcset=\"http:\/\/flyelectronics.eu\/wp-content\/uploads\/2024\/07\/Dane_firmy.png 375w, http:\/\/flyelectronics.eu\/wp-content\/uploads\/2024\/07\/Dane_firmy-300x51.png 300w\" sizes=\"auto, (max-width: 375px) 100vw, 375px\" \/><\/figure>\n\n\n\n<p class=\"has-text-align-center\">Na ten adres wystawiamy faktury<\/p>\n\n\n\n<p class=\"has-text-align-center\">Company billing addres:<\/p>\n\n\n\n<p class=\"has-text-align-center\">FlyElectronics<\/p>\n\n\n\n<p class=\"has-text-align-center\">83-210 Zblewo<\/p>\n\n\n\n<p class=\"has-text-align-center\">ul. Suche Bagno 8<\/p>\n\n\n\n<p class=\"has-text-align-center\">NIP:5832831091<\/p>\n\n\n\n<p class=\"has-text-align-center\">REGON: 221131372<\/p>\n\n\n\n<p class=\"has-text-align-center\">tel. +48 790 011 800<\/p>\n\n\n\n<p class=\"has-text-align-center\">If you need&nbsp;assistance&nbsp;in English tel. +48 509 768 069<\/p>\n\n\n\n<p class=\"has-text-align-center\">biuro@flyelectronics.eu<\/p>\n\n\n\n<p class=\"has-text-align-center\">Numer konta: NestBank&nbsp;&nbsp;95 1870 1045 2078 1071 0101 0001<\/p>\n\n\n\n<p class=\"has-text-align-center\"><\/p>\n\n\n\n<p><\/p>\n","protected":false},"excerpt":{"rendered":"<p>Na ten adres wysy\u0142amy korespondencj\u0119 (paczki, listy, inne) : (Shipping addres): Flyelectronics&nbsp; ul. Na wzg\u00f3rzu 2&nbsp; 84-207 Koleczkowo tel. 790011800 Na ten adres wystawiamy faktury Company billing addres: FlyElectronics 83-210 Zblewo ul. Suche Bagno 8 NIP:5832831091 REGON: 221131372 tel. +48 790 011 800 If you need&nbsp;assistance&nbsp;in English tel. +48 509 768 069 biuro@flyelectronics.eu Numer konta: [&hellip;]<\/p>\n","protected":false},"author":1,"featured_media":0,"parent":223,"menu_order":0,"comment_status":"closed","ping_status":"closed","template":"page-no-title","meta":{"footnotes":""},"class_list":["post-231","page","type-page","status-publish","hentry"],"_links":{"self":[{"href":"http:\/\/flyelectronics.eu\/index.php\/wp-json\/wp\/v2\/pages\/231","targetHints":{"allow":["GET"]}}],"collection":[{"href":"http:\/\/flyelectronics.eu\/index.php\/wp-json\/wp\/v2\/pages"}],"about":[{"href":"http:\/\/flyelectronics.eu\/index.php\/wp-json\/wp\/v2\/types\/page"}],"author":[{"embeddable":true,"href":"http:\/\/flyelectronics.eu\/index.php\/wp-json\/wp\/v2\/users\/1"}],"replies":[{"embeddable":true,"href":"http:\/\/flyelectronics.eu\/index.php\/wp-json\/wp\/v2\/comments?post=231"}],"version-history":[{"count":2,"href":"http:\/\/flyelectronics.eu\/index.php\/wp-json\/wp\/v2\/pages\/231\/revisions"}],"predecessor-version":[{"id":233,"href":"http:\/\/flyelectronics.eu\/index.php\/wp-json\/wp\/v2\/pages\/231\/revisions\/233"}],"up":[{"embeddable":true,"href":"http:\/\/flyelectronics.eu\/index.php\/wp-json\/wp\/v2\/pages\/223"}],"wp:attachment":[{"href":"http:\/\/flyelectronics.eu\/index.php\/wp-json\/wp\/v2\/media?parent=231"}],"curies":[{"name":"wp","href":"https:\/\/api.w.org\/{rel}","templated":true}]}}