{"id":261,"date":"2024-07-22T11:37:17","date_gmt":"2024-07-22T10:37:17","guid":{"rendered":"http:\/\/147.135.210.225\/?page_id=261"},"modified":"2024-07-22T12:14:42","modified_gmt":"2024-07-22T11:14:42","slug":"bezinwazyjny-czujnik-paliwa","status":"publish","type":"page","link":"http:\/\/flyelectronics.eu\/index.php\/produkty\/bezinwazyjny-czujnik-paliwa\/","title":{"rendered":"Bezinwazyjny Czujnik Paliwa"},"content":{"rendered":"\n<div class=\"wp-block-columns alignwide is-layout-flex wp-container-core-columns-is-layout-28f84493 wp-block-columns-is-layout-flex\">\n<div class=\"wp-block-column is-layout-flow wp-block-column-is-layout-flow\">\n<p class=\"has-text-align-center\" style=\"font-size:clamp(23.043px, 1.44rem + ((1vw - 3.2px) * 1.558), 38px);\"><strong>Bezinwazyjny czujnik poziomu paliwa<\/strong><\/p>\n\n\n\n<p class=\"has-text-align-center\">FEFS (FlyElectronicsFuelSensor)<\/p>\n\n\n\n<pre class=\"wp-block-preformatted\"><br>Pracuj\u0105c nad rozwojem MotoMonitor-a napotkali\u015bmy pewn\u0105 niedogodno\u015b\u0107. Oczywi\u015bcie od samego pocz\u0105tku nasze urz\u0105dzenie wspiera\u0142o czujniki poziomu paliwa innych firm takich jak Wema S5 lub czujniki p\u0142ywakowe \u2013 jednak wizja wiercenia du\u017cego otworu w baku i mocowania tam ci\u0119\u017ckiego czujnika, delikatnie m\u00f3wi\u0105c nie by\u0142a kusz\u0105ca. Postanowili\u015bmy co\u015b z tym zrobi\u0107 i stworzy\u0107 co\u015b niezwyk\u0142ego \u2013 bezdotykowy, bezinwazyjny czujnik \u2013 zdolny do pomiaru poziomu paliwa w naszych zbiornikach bez jakiejkolwiek ingerencji w sam zbiornik.<br><br>Powiecie \u2013 niemo\u017cliwe \u2026.<br><br>A jednak po roku prac prototypowych i koncepcyjnych powsta\u0142 FEFS (FlyElectronics Fuel Sensor) kt\u00f3ry naklejamy na zbiornik, pod\u0142\u0105czamy do nadajnika MotoMonitora i mamy informacj\u0119 o paliwie jakie pozosta\u0142o nam w baku. O zaletach takiego podej\u015bcia chyba nie trzeba wspomina\u0107 (waga, mo\u017cliwo\u015b\u0107 prze\u0142o\u017cenia do innego nap\u0119du, szczelno\u015b\u0107 zbiornika itd.).<br><br>Cz\u0119\u015b\u0107 z naszych klient\u00f3w pyta \u2026 \u201eW jaki spos\u00f3b to dzia\u0142a ?\u201d - oczywi\u015bcie opowiadamy wymijaj\u0105co, ale jedno musz\u0119 Wam zdradzi\u0107 \u2013 czujnik wykrywa ruch paliwa zatem bardzo dobrze dzia\u0142a w locie, a nieco gorzej w czasie postoju na ziemi \u2013 ale nie po to mamy nap\u0119dy aby sta\u0142y one na ziemi.<br><\/pre>\n\n\n\n<figure class=\"wp-block-image size-full\"><img loading=\"lazy\" decoding=\"async\" width=\"2936\" height=\"1452\" src=\"http:\/\/147.135.210.225\/wp-content\/uploads\/2024\/07\/fefs.png\" alt=\"\" class=\"wp-image-262\" srcset=\"http:\/\/flyelectronics.eu\/wp-content\/uploads\/2024\/07\/fefs.png 2936w, http:\/\/flyelectronics.eu\/wp-content\/uploads\/2024\/07\/fefs-300x148.png 300w, http:\/\/flyelectronics.eu\/wp-content\/uploads\/2024\/07\/fefs-768x380.png 768w, http:\/\/flyelectronics.eu\/wp-content\/uploads\/2024\/07\/fefs-1536x760.png 1536w, http:\/\/flyelectronics.eu\/wp-content\/uploads\/2024\/07\/fefs-2048x1013.png 2048w\" sizes=\"auto, (max-width: 2936px) 100vw, 2936px\" \/><\/figure>\n\n\n\n<pre class=\"wp-block-preformatted\">Kilka istotnych informacji dotycz\u0105cych dzia\u0142ania czujnika:<br><br>Do prawid\u0142owej pracy czujnika zbiornik musi on by\u0107 wykonany z tworzywa sztucznego,<br><br>Urz\u0105dzenie wykrywa poziom paliwa na podstawie ruchu paliwa wewn\u0105trz zbiornika. W zwi\u0105zku z tym czujnik najlepiej pracuje w czasie lotu (gorzej w czasie gdy stoi na ziemi),<br><br> <br><br>Dodatkowym atutem czujnika jest mo\u017cliwo\u015b\u0107 wskazywania poziomu paliwa (na MotoMonitorze) w litrach  (dla firmware >1.36 ). Jako \u017ce ka\u017cdy ze zbiornik\u00f3w ma inny kszta\u0142t a ka\u017cdy z u\u017cytkownik\u00f3w mo\u017ce w inny spos\u00f3b zamocowa\u0107 czujnik - niezb\u0119dne jest wprowadzanie poprawnej charakterystyki danego zbiornika tzn. trzeba zdefiniowa\u0107 ile litr\u00f3w paliwa znajduje si\u0119 w zbiorniku gdy urz\u0105dzenie wskazuje 10%, ile jest litr\u00f3w paliwa dla 20% itd.<\/pre>\n<\/div>\n<\/div>\n","protected":false},"excerpt":{"rendered":"<p>Bezinwazyjny czujnik poziomu paliwa FEFS (FlyElectronicsFuelSensor) Pracuj\u0105c nad rozwojem MotoMonitor-a napotkali\u015bmy pewn\u0105 niedogodno\u015b\u0107. Oczywi\u015bcie od samego pocz\u0105tku nasze urz\u0105dzenie wspiera\u0142o czujniki poziomu paliwa innych firm takich jak Wema S5 lub czujniki p\u0142ywakowe \u2013 jednak wizja wiercenia du\u017cego otworu w baku i mocowania tam ci\u0119\u017ckiego czujnika, delikatnie m\u00f3wi\u0105c nie by\u0142a kusz\u0105ca. Postanowili\u015bmy co\u015b z tym zrobi\u0107 [&hellip;]<\/p>\n","protected":false},"author":1,"featured_media":0,"parent":69,"menu_order":3,"comment_status":"closed","ping_status":"closed","template":"page-no-title","meta":{"footnotes":""},"class_list":["post-261","page","type-page","status-publish","hentry"],"_links":{"self":[{"href":"http:\/\/flyelectronics.eu\/index.php\/wp-json\/wp\/v2\/pages\/261","targetHints":{"allow":["GET"]}}],"collection":[{"href":"http:\/\/flyelectronics.eu\/index.php\/wp-json\/wp\/v2\/pages"}],"about":[{"href":"http:\/\/flyelectronics.eu\/index.php\/wp-json\/wp\/v2\/types\/page"}],"author":[{"embeddable":true,"href":"http:\/\/flyelectronics.eu\/index.php\/wp-json\/wp\/v2\/users\/1"}],"replies":[{"embeddable":true,"href":"http:\/\/flyelectronics.eu\/index.php\/wp-json\/wp\/v2\/comments?post=261"}],"version-history":[{"count":1,"href":"http:\/\/flyelectronics.eu\/index.php\/wp-json\/wp\/v2\/pages\/261\/revisions"}],"predecessor-version":[{"id":263,"href":"http:\/\/flyelectronics.eu\/index.php\/wp-json\/wp\/v2\/pages\/261\/revisions\/263"}],"up":[{"embeddable":true,"href":"http:\/\/flyelectronics.eu\/index.php\/wp-json\/wp\/v2\/pages\/69"}],"wp:attachment":[{"href":"http:\/\/flyelectronics.eu\/index.php\/wp-json\/wp\/v2\/media?parent=261"}],"curies":[{"name":"wp","href":"https:\/\/api.w.org\/{rel}","templated":true}]}}