{"id":283,"date":"2024-07-22T11:55:12","date_gmt":"2024-07-22T10:55:12","guid":{"rendered":"http:\/\/147.135.210.225\/?page_id=283"},"modified":"2024-07-22T11:55:33","modified_gmt":"2024-07-22T10:55:33","slug":"protoplastappginfo","status":"publish","type":"page","link":"http:\/\/flyelectronics.eu\/index.php\/produkty\/protoplastappginfo\/","title":{"rendered":"ProtoplastaPPGinfo"},"content":{"rendered":"\n<div class=\"wp-block-columns alignwide is-layout-flex wp-container-core-columns-is-layout-28f84493 wp-block-columns-is-layout-flex\">\n<div class=\"wp-block-column is-layout-flow wp-block-column-is-layout-flow\">\n<figure class=\"wp-block-image aligncenter size-full\"><img loading=\"lazy\" decoding=\"async\" width=\"496\" height=\"64\" src=\"http:\/\/147.135.210.225\/wp-content\/uploads\/2024\/07\/protoplasta.png\" alt=\"\" class=\"wp-image-284\" srcset=\"http:\/\/flyelectronics.eu\/wp-content\/uploads\/2024\/07\/protoplasta.png 496w, http:\/\/flyelectronics.eu\/wp-content\/uploads\/2024\/07\/protoplasta-300x39.png 300w\" sizes=\"auto, (max-width: 496px) 100vw, 496px\" \/><\/figure>\n\n\n\n<pre class=\"wp-block-preformatted\">Wiosn\u0105 2007 roku w naszych g\u0142owach zacz\u0119\u0142a kie\u0142kowa\u0107 my\u015bl - \"Zr\u00f3bmy co\u015b dla naszego sportu\". I tak po niespe\u0142na kilku miesi\u0105cach pr\u00f3b i opracowywania koncepcji - stworzyli\u015bmy to co mo\u017cna uzna\u0107 za podstaw\u0119 dla p\u00f3\u017aniejszej serii PPGinfo.<\/pre>\n\n\n\n<figure class=\"wp-block-image size-full\"><img loading=\"lazy\" decoding=\"async\" width=\"800\" height=\"600\" src=\"http:\/\/147.135.210.225\/wp-content\/uploads\/2024\/07\/10_12_09_06_51_15ppg_info_3_1.gif.jpg\" alt=\"\" class=\"wp-image-285\" srcset=\"http:\/\/flyelectronics.eu\/wp-content\/uploads\/2024\/07\/10_12_09_06_51_15ppg_info_3_1.gif.jpg 800w, http:\/\/flyelectronics.eu\/wp-content\/uploads\/2024\/07\/10_12_09_06_51_15ppg_info_3_1.gif-300x225.jpg 300w, http:\/\/flyelectronics.eu\/wp-content\/uploads\/2024\/07\/10_12_09_06_51_15ppg_info_3_1.gif-768x576.jpg 768w\" sizes=\"auto, (max-width: 800px) 100vw, 800px\" \/><\/figure>\n\n\n\n<pre class=\"wp-block-preformatted\">Cechy jakim opisywali\u015bmy wtedy to urz\u0105dzenie to mi\u0119dzy innymi:<br><br>Jest bardzo oszcz\u0119dny - w spoczynku I&lt;10uA, praca mniej wi\u0119cej I=20mA,<br>Jest nie co wi\u0119kszy (5x2cm) ale za to o wiele cie\u0144szy ok 5mm,<br>Pokazuje obroty silnika - od\u015bwie\u017canie co 1 sekund\u0119 (wersja podstawowa,<br>Pokazuje aktualny czas (wersja podstawowa),<br>Pokazuje czas pracy silnika (od odpalenia),<br>Mo\u017cliwo\u015b\u0107 ustawienia alarmu czasu pracy silnika - po ustalonym czasie migaj\u0105 diody i wy\u015bwietlany jest napis Alarm(np. po jakim czasie nale\u017cy dba\u0107 o poziom paliwa),<br>Wska\u017anik wy\u0142adowania akumulatora\/baterii (wersja podstawowa),<br>Og\u00f3lny (nie kasowalny) licznik moto-godzin nap\u0119du (wersja podstawowa)<br>Pamie\u0107 czasu pracy ostatnich 20 odpale\u0144 silnika (rejestr ko\u0142owy) (do ksi\u0105\u017cki lot\u00f3w - koniec z pytaniami - \"ile ten lot trwa\u0142?\") ,<br>Niewielka waga,<br>Mo\u017cliwo\u015b\u0107 pod\u0142\u0105czenia miernika poziomu paliwa,<br>Mo\u017cliwo\u015b\u0107 pod\u0142\u0105czenia czujnika temperatury g\u0142owicy silnika (wersja nad kt\u00f3r\u0105 pracujemy),<br>Mo\u017cliwo\u015b\u0107 pod\u0142\u0105czenia czujnika EGT - pracujemy nad tani\u0105 sond\u0105 :),<br> {mosmap}<br><br>Urz\u0105dzenie jednak by\u0142o tylko wst\u0119pem do dalszych prac .... ach te dawne czasy :)<\/pre>\n\n\n\n<figure class=\"wp-block-image size-full\"><img loading=\"lazy\" decoding=\"async\" width=\"800\" height=\"378\" src=\"http:\/\/147.135.210.225\/wp-content\/uploads\/2024\/07\/10_12_09_06_51_25ppg_info_3_3.gif.jpg\" alt=\"\" class=\"wp-image-286\" srcset=\"http:\/\/flyelectronics.eu\/wp-content\/uploads\/2024\/07\/10_12_09_06_51_25ppg_info_3_3.gif.jpg 800w, http:\/\/flyelectronics.eu\/wp-content\/uploads\/2024\/07\/10_12_09_06_51_25ppg_info_3_3.gif-300x142.jpg 300w, http:\/\/flyelectronics.eu\/wp-content\/uploads\/2024\/07\/10_12_09_06_51_25ppg_info_3_3.gif-768x363.jpg 768w\" sizes=\"auto, (max-width: 800px) 100vw, 800px\" \/><\/figure>\n<\/div>\n<\/div>\n","protected":false},"excerpt":{"rendered":"<p>Wiosn\u0105 2007 roku w naszych g\u0142owach zacz\u0119\u0142a kie\u0142kowa\u0107 my\u015bl &#8211; &#8222;Zr\u00f3bmy co\u015b dla naszego sportu&#8221;. I tak po niespe\u0142na kilku miesi\u0105cach pr\u00f3b i opracowywania koncepcji &#8211; stworzyli\u015bmy to co mo\u017cna uzna\u0107 za podstaw\u0119 dla p\u00f3\u017aniejszej serii PPGinfo. Cechy jakim opisywali\u015bmy wtedy to urz\u0105dzenie to mi\u0119dzy innymi:Jest bardzo oszcz\u0119dny &#8211; w spoczynku I&lt;10uA, praca mniej wi\u0119cej [&hellip;]<\/p>\n","protected":false},"author":1,"featured_media":0,"parent":69,"menu_order":300,"comment_status":"closed","ping_status":"closed","template":"page-no-title","meta":{"footnotes":""},"class_list":["post-283","page","type-page","status-publish","hentry"],"_links":{"self":[{"href":"http:\/\/flyelectronics.eu\/index.php\/wp-json\/wp\/v2\/pages\/283","targetHints":{"allow":["GET"]}}],"collection":[{"href":"http:\/\/flyelectronics.eu\/index.php\/wp-json\/wp\/v2\/pages"}],"about":[{"href":"http:\/\/flyelectronics.eu\/index.php\/wp-json\/wp\/v2\/types\/page"}],"author":[{"embeddable":true,"href":"http:\/\/flyelectronics.eu\/index.php\/wp-json\/wp\/v2\/users\/1"}],"replies":[{"embeddable":true,"href":"http:\/\/flyelectronics.eu\/index.php\/wp-json\/wp\/v2\/comments?post=283"}],"version-history":[{"count":1,"href":"http:\/\/flyelectronics.eu\/index.php\/wp-json\/wp\/v2\/pages\/283\/revisions"}],"predecessor-version":[{"id":287,"href":"http:\/\/flyelectronics.eu\/index.php\/wp-json\/wp\/v2\/pages\/283\/revisions\/287"}],"up":[{"embeddable":true,"href":"http:\/\/flyelectronics.eu\/index.php\/wp-json\/wp\/v2\/pages\/69"}],"wp:attachment":[{"href":"http:\/\/flyelectronics.eu\/index.php\/wp-json\/wp\/v2\/media?parent=283"}],"curies":[{"name":"wp","href":"https:\/\/api.w.org\/{rel}","templated":true}]}}