{"id":288,"date":"2024-07-22T11:58:25","date_gmt":"2024-07-22T10:58:25","guid":{"rendered":"http:\/\/147.135.210.225\/?page_id=288"},"modified":"2024-07-22T11:58:36","modified_gmt":"2024-07-22T10:58:36","slug":"ppginfo","status":"publish","type":"page","link":"http:\/\/flyelectronics.eu\/index.php\/produkty\/ppginfo\/","title":{"rendered":"PPGinfo"},"content":{"rendered":"\n<div class=\"wp-block-columns alignwide is-layout-flex wp-container-core-columns-is-layout-28f84493 wp-block-columns-is-layout-flex\">\n<div class=\"wp-block-column is-layout-flow wp-block-column-is-layout-flow\">\n<figure class=\"wp-block-image aligncenter size-full is-resized\"><img loading=\"lazy\" decoding=\"async\" width=\"375\" height=\"64\" src=\"http:\/\/147.135.210.225\/wp-content\/uploads\/2024\/07\/wer2.png\" alt=\"\" class=\"wp-image-289\" style=\"width:621px;height:auto\" srcset=\"http:\/\/flyelectronics.eu\/wp-content\/uploads\/2024\/07\/wer2.png 375w, http:\/\/flyelectronics.eu\/wp-content\/uploads\/2024\/07\/wer2-300x51.png 300w\" sizes=\"auto, (max-width: 375px) 100vw, 375px\" \/><\/figure>\n\n\n\n<figure class=\"wp-block-image aligncenter size-full is-resized\"><img loading=\"lazy\" decoding=\"async\" width=\"648\" height=\"463\" src=\"http:\/\/147.135.210.225\/wp-content\/uploads\/2024\/07\/19_02_11_12_00_07maly123.jpeg\" alt=\"\" class=\"wp-image-290\" style=\"width:421px;height:auto\" srcset=\"http:\/\/flyelectronics.eu\/wp-content\/uploads\/2024\/07\/19_02_11_12_00_07maly123.jpeg 648w, http:\/\/flyelectronics.eu\/wp-content\/uploads\/2024\/07\/19_02_11_12_00_07maly123-300x214.jpeg 300w\" sizes=\"auto, (max-width: 648px) 100vw, 648px\" \/><\/figure>\n\n\n\n<pre class=\"wp-block-preformatted\">Komputer kt\u00f3ry uko\u0144czyli\u015bmy w 2010 roku oraz kt\u00f3ry odni\u00f3s\u0142 niebywa\u0142y sukces na rynku. Poni\u017cej jego podstawowe parametry<br><br>Funkcje :<br><br>Monitorowanie stanu na\u0142adowania wewn\u0119trznego akumulatora,<br>Zegar Pomiar dw\u00f3ch temperatur EGT lub CHT,<br>Pomiar obrot\u00f3w silnika,<br>Mo\u017cliwo\u015b\u0107 dostosowania ilo\u015bci iskier na obr\u00f3t wa\u0142u (do 6),<br>Mo\u017cliwo\u015b\u0107 stosowania w silnikach wielo-cylindrowych,<br>Pomiar przepracowanych motogodzin nap\u0119du,<br>Pomiar aktualnego czasu pracy nap\u0119du,<br>Zaawansowany algorytm estymacji sekwencyjnej ilo\u015bci pozosta\u0142ego paliwa,<br>Mo\u017cliwo\u015b\u0107 pod\u0142\u0105czenia czujnika poziomu paliwa,<br>Mo\u017cliwo\u015b\u0107 pod\u0142\u0105czenia czujnika rezerwy paliwa,<br>Pomiar temperatury zewn\u0119trznej,<br>Ksi\u0105\u017cka lot\u00f3w,<br>Auto wy\u0142\u0105czenie,<br>Alarm czasu lotu,<br>Alarm temperatury ( z obu czujnik\u00f3w ),<br>Mo\u017cliwo\u015b\u0107 ustawienia rodzaju czujnika paliwa,<br>Mo\u017cliwo\u015b\u0107 przystosowania po\u0142o\u017cenia parametr\u00f3w na wy\u015bwietlaczu (2 pulpity po 4 informacje),<br>Cyfrowe sterowanie zasilaniem urz\u0105dzenia,<br>Mo\u017cliwo\u015b\u0107 pod\u0142\u0105czenia do komputera PC oraz aktualizacji oprogramowania,<br>Wbudowana automatyczna \u0142adowarka,<br>Niewielkie zu\u017cycie energii,<br>Zwarta, wytrzyma\u0142a, a przy tym niewielka obudowa oraz wytrzyma\u0142e, profesjonalne z\u0142\u0105cze,<br><\/pre>\n\n\n\n<figure class=\"wp-block-image alignleft size-full\"><img loading=\"lazy\" decoding=\"async\" width=\"640\" height=\"522\" src=\"http:\/\/147.135.210.225\/wp-content\/uploads\/2024\/07\/18_02_11_11_53_41tn_pudlo.jpg\" alt=\"\" class=\"wp-image-291\" srcset=\"http:\/\/flyelectronics.eu\/wp-content\/uploads\/2024\/07\/18_02_11_11_53_41tn_pudlo.jpg 640w, http:\/\/flyelectronics.eu\/wp-content\/uploads\/2024\/07\/18_02_11_11_53_41tn_pudlo-300x245.jpg 300w\" sizes=\"auto, (max-width: 640px) 100vw, 640px\" \/><\/figure>\n\n\n\n<figure class=\"wp-block-image alignright size-full is-resized\"><img loading=\"lazy\" decoding=\"async\" width=\"1024\" height=\"659\" src=\"http:\/\/147.135.210.225\/wp-content\/uploads\/2024\/07\/19_02_11_12_03_59tn_DSC09098.jpeg\" alt=\"\" class=\"wp-image-292\" style=\"width:653px;height:auto\" srcset=\"http:\/\/flyelectronics.eu\/wp-content\/uploads\/2024\/07\/19_02_11_12_03_59tn_DSC09098.jpeg 1024w, http:\/\/flyelectronics.eu\/wp-content\/uploads\/2024\/07\/19_02_11_12_03_59tn_DSC09098-300x193.jpeg 300w, http:\/\/flyelectronics.eu\/wp-content\/uploads\/2024\/07\/19_02_11_12_03_59tn_DSC09098-768x494.jpeg 768w\" sizes=\"auto, (max-width: 1024px) 100vw, 1024px\" \/><\/figure>\n\n\n\n<figure class=\"wp-block-image alignleft size-full is-resized\"><img loading=\"lazy\" decoding=\"async\" width=\"1024\" height=\"685\" src=\"http:\/\/147.135.210.225\/wp-content\/uploads\/2024\/07\/19_02_11_12_03_46tn_DSC09091.jpeg\" alt=\"\" class=\"wp-image-293\" style=\"width:697px;height:auto\" srcset=\"http:\/\/flyelectronics.eu\/wp-content\/uploads\/2024\/07\/19_02_11_12_03_46tn_DSC09091.jpeg 1024w, http:\/\/flyelectronics.eu\/wp-content\/uploads\/2024\/07\/19_02_11_12_03_46tn_DSC09091-300x201.jpeg 300w, http:\/\/flyelectronics.eu\/wp-content\/uploads\/2024\/07\/19_02_11_12_03_46tn_DSC09091-768x514.jpeg 768w\" sizes=\"auto, (max-width: 1024px) 100vw, 1024px\" \/><figcaption class=\"wp-element-caption\">SONY DSC<\/figcaption><\/figure>\n\n\n\n<figure class=\"wp-block-image alignright size-full is-resized\"><img loading=\"lazy\" decoding=\"async\" width=\"500\" height=\"335\" src=\"http:\/\/147.135.210.225\/wp-content\/uploads\/2024\/07\/19_02_11_12_01_30tn_DSC09081.jpeg\" alt=\"\" class=\"wp-image-294\" style=\"width:627px;height:auto\" srcset=\"http:\/\/flyelectronics.eu\/wp-content\/uploads\/2024\/07\/19_02_11_12_01_30tn_DSC09081.jpeg 500w, http:\/\/flyelectronics.eu\/wp-content\/uploads\/2024\/07\/19_02_11_12_01_30tn_DSC09081-300x201.jpeg 300w\" sizes=\"auto, (max-width: 500px) 100vw, 500px\" \/><figcaption class=\"wp-element-caption\">SONY DSC<\/figcaption><\/figure>\n<\/div>\n<\/div>\n","protected":false},"excerpt":{"rendered":"<p>Komputer kt\u00f3ry uko\u0144czyli\u015bmy w 2010 roku oraz kt\u00f3ry odni\u00f3s\u0142 niebywa\u0142y sukces na rynku. Poni\u017cej jego podstawowe parametryFunkcje :Monitorowanie stanu na\u0142adowania wewn\u0119trznego akumulatora,Zegar Pomiar dw\u00f3ch temperatur EGT lub CHT,Pomiar obrot\u00f3w silnika,Mo\u017cliwo\u015b\u0107 dostosowania ilo\u015bci iskier na obr\u00f3t wa\u0142u (do 6),Mo\u017cliwo\u015b\u0107 stosowania w silnikach wielo-cylindrowych,Pomiar przepracowanych motogodzin nap\u0119du,Pomiar aktualnego czasu pracy nap\u0119du,Zaawansowany algorytm estymacji sekwencyjnej ilo\u015bci pozosta\u0142ego paliwa,Mo\u017cliwo\u015b\u0107 [&hellip;]<\/p>\n","protected":false},"author":1,"featured_media":0,"parent":69,"menu_order":200,"comment_status":"closed","ping_status":"closed","template":"page-no-title","meta":{"footnotes":""},"class_list":["post-288","page","type-page","status-publish","hentry"],"_links":{"self":[{"href":"http:\/\/flyelectronics.eu\/index.php\/wp-json\/wp\/v2\/pages\/288","targetHints":{"allow":["GET"]}}],"collection":[{"href":"http:\/\/flyelectronics.eu\/index.php\/wp-json\/wp\/v2\/pages"}],"about":[{"href":"http:\/\/flyelectronics.eu\/index.php\/wp-json\/wp\/v2\/types\/page"}],"author":[{"embeddable":true,"href":"http:\/\/flyelectronics.eu\/index.php\/wp-json\/wp\/v2\/users\/1"}],"replies":[{"embeddable":true,"href":"http:\/\/flyelectronics.eu\/index.php\/wp-json\/wp\/v2\/comments?post=288"}],"version-history":[{"count":1,"href":"http:\/\/flyelectronics.eu\/index.php\/wp-json\/wp\/v2\/pages\/288\/revisions"}],"predecessor-version":[{"id":295,"href":"http:\/\/flyelectronics.eu\/index.php\/wp-json\/wp\/v2\/pages\/288\/revisions\/295"}],"up":[{"embeddable":true,"href":"http:\/\/flyelectronics.eu\/index.php\/wp-json\/wp\/v2\/pages\/69"}],"wp:attachment":[{"href":"http:\/\/flyelectronics.eu\/index.php\/wp-json\/wp\/v2\/media?parent=288"}],"curies":[{"name":"wp","href":"https:\/\/api.w.org\/{rel}","templated":true}]}}