{"id":48,"date":"2024-07-21T08:45:32","date_gmt":"2024-07-21T08:45:32","guid":{"rendered":"http:\/\/147.135.210.225\/?page_id=48"},"modified":"2024-07-22T09:29:27","modified_gmt":"2024-07-22T08:29:27","slug":"o-nas","status":"publish","type":"page","link":"http:\/\/flyelectronics.eu\/index.php\/o-nas\/","title":{"rendered":"O nas"},"content":{"rendered":"\n<div class=\"wp-block-group alignfull has-accent-2-background-color has-background has-global-padding is-layout-constrained wp-container-core-group-is-layout-669513ed wp-block-group-is-layout-constrained wp-container-1 is-position-sticky\" style=\"margin-top:0;margin-bottom:0;padding-top:var(--wp--preset--spacing--50);padding-right:var(--wp--preset--spacing--50);padding-bottom:var(--wp--preset--spacing--50);padding-left:var(--wp--preset--spacing--50)\">\n<div class=\"wp-block-columns alignwide is-layout-flex wp-container-core-columns-is-layout-b99702a1 wp-block-columns-is-layout-flex\" style=\"padding-top:0px;padding-bottom:0px\">\n<div class=\"wp-block-column is-layout-flow wp-block-column-is-layout-flow\" style=\"flex-basis:25%\">\n<figure class=\"wp-block-image alignright size-full\" id=\"Ofirmie\"><img loading=\"lazy\" decoding=\"async\" width=\"150\" height=\"64\" src=\"http:\/\/147.135.210.225\/wp-content\/uploads\/2024\/07\/ofirmie-2.png\" alt=\"O firmie\" class=\"wp-image-49\"\/><\/figure>\n<\/div>\n\n\n\n<div class=\"wp-block-column is-layout-flow wp-block-column-is-layout-flow\" style=\"flex-basis:60%\">\n<p style=\"font-size:clamp(15.747px, 0.984rem + ((1vw - 3.2px) * 0.86), 24px);line-height:1.2\">Pocz\u0105tki firmy si\u0119gaj\u0105 1997 roku, gdy sprzedali\u015bmy pierwszy kompletny projekt. Od tamtego czasu wiele si\u0119 zmieni\u0142o. Projektujemy z jeszcze wi\u0119kszym zapa\u0142em, a z biegiem czasu rozszerzyli\u015bmy swoje horyzonty i rozpocz\u0119li\u015bmy budow\u0119 nowych urz\u0105dze\u0144 w oparciu o najnowsz\u0105 technologi\u0119 BGA.<\/p>\n\n\n\n<p style=\"font-size:clamp(15.747px, 0.984rem + ((1vw - 3.2px) * 0.86), 24px);line-height:1.2\">Zajmujemy si\u0119 mi\u0119dzy innymi r\u00f3\u017cnymi ga\u0142\u0119ziami szeroko poj\u0119tej elektroniki. Nieustannie \u015bledzimy trendy i nowo\u015bci pojawiaj\u0105ce si\u0119 na rynkach \u015bwiatowych i wdra\u017camy je na nasz rodzimy polski poligon gospodarczy. Nasze rozwi\u0105zania, nie tylko zadowol\u0105 najbardziej wybrednego klienta, ale tak\u017ce b\u0119d\u0105 stabiln\u0105 podstaw\u0105 dalszej wsp\u00f3\u0142pracy.&nbsp; Ponadto poza projektowaniem gotowych rozwi\u0105za\u0144 dla firm zewn\u0119trznych, w roku 2005 postanowili\u015bmy rozpocz\u0105\u0107 produkcj\u0119 i sprzeda\u017c w\u0142asnych produkt\u00f3w.<br><br>Ale oczywi\u015bcie nasze \u017cycie to nie tylko praca &#8211; i jako \u017ce wi\u0119kszo\u015b\u0107 naszego zespo\u0142u to tak\u017ce pasjonaci latania &#8211; staramy si\u0119 \u0142\u0105czy\u0107 przyjemne z po\u017cytecznym. St\u0105d tez cze\u015b\u0107 naszej tw\u00f3rczo\u015bci koncentruje si\u0119 ku zaspokojeniu potrzeb klient\u00f3w maj\u0105cych podobn\u0105 pasj\u0119 do naszej &#8211; latanie.<\/p>\n\n\n\n<p style=\"font-size:clamp(15.747px, 0.984rem + ((1vw - 3.2px) * 0.86), 24px);line-height:1.2\">Jako zapaleni paralotniarze organizujemy r\u00f3\u017cnorakie akcje happeningowe oraz event-y. Dzi\u0119ki temu mi\u0119dzy innymi opracowali\u015bmy i sprzedajemy komputer nap\u0119du PPG, a tak\u017ce mo\u017cemy innym pokazywa\u0107 jak pi\u0119kny jest nasz sport.<\/p>\n\n\n\n<figure class=\"wp-block-embed is-type-video is-provider-youtube wp-block-embed-youtube wp-embed-aspect-16-9 wp-has-aspect-ratio\"><div class=\"wp-block-embed__wrapper\">\n<iframe loading=\"lazy\" title=\"MotoMonitor firmy FlyElectronics\" width=\"500\" height=\"281\" src=\"https:\/\/www.youtube.com\/embed\/I49mpLpyU8s?feature=oembed\" frameborder=\"0\" allow=\"accelerometer; autoplay; clipboard-write; encrypted-media; gyroscope; picture-in-picture; web-share\" referrerpolicy=\"strict-origin-when-cross-origin\" allowfullscreen><\/iframe>\n<\/div><figcaption class=\"wp-element-caption\">Stworzone przez pilot\u00f3w &#8230; dla pilot\u00f3w <\/figcaption><\/figure>\n<\/div>\n<\/div>\n\n\n\n<div style=\"height:100px\" aria-hidden=\"true\" class=\"wp-block-spacer\"><\/div>\n\n\n\n<div class=\"wp-block-columns alignwide is-layout-flex wp-container-core-columns-is-layout-28f84493 wp-block-columns-is-layout-flex\">\n<div class=\"wp-block-column is-layout-flow wp-block-column-is-layout-flow\" style=\"flex-basis:25%\">\n<figure class=\"wp-block-image alignright size-full\" id=\"Projektujemy_z_pasja\"><img loading=\"lazy\" decoding=\"async\" width=\"375\" height=\"64\" src=\"http:\/\/147.135.210.225\/wp-content\/uploads\/2024\/07\/projektujemy_z_pasja.png\" alt=\"\" class=\"wp-image-60\" srcset=\"http:\/\/flyelectronics.eu\/wp-content\/uploads\/2024\/07\/projektujemy_z_pasja.png 375w, http:\/\/flyelectronics.eu\/wp-content\/uploads\/2024\/07\/projektujemy_z_pasja-300x51.png 300w\" sizes=\"auto, (max-width: 375px) 100vw, 375px\" \/><\/figure>\n<\/div>\n\n\n\n<div class=\"wp-block-column is-layout-flow wp-block-column-is-layout-flow\" style=\"flex-basis:60%\">\n<p style=\"font-size:clamp(15.747px, 0.984rem + ((1vw - 3.2px) * 0.86), 24px);line-height:1.2\">Celem firmy jest dostarczenie klientowi gotowych rozwi\u0105za\u0144 elektroniki u\u017cytkowej. Ka\u017cdy z projekt\u00f3w trafiaj\u0105cy do naszego biura jest szczeg\u00f3\u0142owo analizowany. Naszym zamiarem jest przekazanie odbiorcy produktu gotowego, wykonanego zgodnie z najnowszymi technologiami oraz w pe\u0142ni przetestowanego. Nasz\u0105 pozycj\u0119 na rynku budujemy w oparciu o jako\u015b\u0107 us\u0142ug i szybko\u015b\u0107 realizacji.<br>Podstawowym kryterium dzia\u0142ania firmy jest kontakt z klientem. Zdaj\u0105c sobie spraw\u0119, \u017ce ka\u017cdy z odbiorc\u00f3w jest inny dok\u0142adnie analizujemy ka\u017cd\u0105 zg\u0142oszon\u0105 sugesti\u0119 klienta.<br><br>Nie boimy si\u0119 wyzwa\u0144, projektujemy urz\u0105dzenia w oparciu o ka\u017cd\u0105 mo\u017cliw\u0105 technologi\u0119, w ka\u017cdym mo\u017cliwym \u015brodowisku pracy. Cech\u0105, kt\u00f3ra nas wyr\u00f3\u017cnia jest mo\u017cliwo\u015b\u0107 szybkiego przystosowania technologi projektowej do wymaga\u0144 klienta. Jeste\u015bmy otwarci na wszystkie nowe pomys\u0142y i implementacje.<br><br>Zapraszamy do zapoznania si\u0119 z projektami stworzonymi w ramach dzia\u0142ania firmy oraz naszym asortymentem. Jednocze\u015bnie ufamy \u017ce znajd\u0105 Pa\u0144stwo tu wszystko czego potrzebuj\u0105.<br><\/p>\n\n\n\n<figure class=\"wp-block-embed is-type-video is-provider-youtube wp-block-embed-youtube wp-embed-aspect-16-9 wp-has-aspect-ratio\"><div class=\"wp-block-embed__wrapper\">\n<iframe loading=\"lazy\" title=\"Rozpocz\u0119cie sezonu zimowego PPG 8 12 2013\" width=\"500\" height=\"281\" src=\"https:\/\/www.youtube.com\/embed\/9iGjfzgsQMI?feature=oembed\" frameborder=\"0\" allow=\"accelerometer; autoplay; clipboard-write; encrypted-media; gyroscope; picture-in-picture; web-share\" referrerpolicy=\"strict-origin-when-cross-origin\" allowfullscreen><\/iframe>\n<\/div><figcaption class=\"wp-element-caption\">Rozpoczecie sezonu zimowego <\/figcaption><\/figure>\n\n\n\n<p style=\"font-size:clamp(15.747px, 0.984rem + ((1vw - 3.2px) * 0.86), 24px);line-height:1.2\"><\/p>\n<\/div>\n<\/div>\n\n\n\n<div style=\"height:54px;width:0px\" aria-hidden=\"true\" class=\"wp-block-spacer\"><\/div>\n\n\n\n<div class=\"wp-block-columns alignwide is-layout-flex wp-container-core-columns-is-layout-28f84493 wp-block-columns-is-layout-flex\">\n<div class=\"wp-block-column is-layout-flow wp-block-column-is-layout-flow\" style=\"flex-basis:25%\">\n<figure class=\"wp-block-image size-full\" id=\"poznaj_nas\"><img loading=\"lazy\" decoding=\"async\" width=\"183\" height=\"64\" src=\"http:\/\/147.135.210.225\/wp-content\/uploads\/2024\/07\/poznaj_nas2.png\" alt=\"\" class=\"wp-image-65\"\/><\/figure>\n<\/div>\n\n\n\n<div class=\"wp-block-column is-layout-flow wp-block-column-is-layout-flow\" style=\"flex-basis:60%\">\n<p style=\"font-size:clamp(15.747px, 0.984rem + ((1vw - 3.2px) * 0.86), 24px);line-height:1.2\">To jasne, \u017ce chce si\u0119 pozna\u0107 ludzi, z kt\u00f3rymi robi si\u0119 interesy, w\u0142a\u015bnie dlatego postanowili\u015bmy przybli\u017cy\u0107 Pa\u0144stwu &#8211; kim jeste\u015bmy.<\/p>\n\n\n\n<p style=\"font-size:clamp(15.747px, 0.984rem + ((1vw - 3.2px) * 0.86), 24px);\">Nikt nie jest dobry we wszystkim, dlatego Nasz zesp\u00f3\u0142 sk\u0142ada si\u0119 z trzech os\u00f3b. Ka\u017cda z nich jest odpowiedzialna za swoj\u0105 cz\u0119\u015b\u0107 projektu. Jako, \u017ce podstaw\u0105 Naszej dzia\u0142alno\u015bci jest elektronika, wszyscy posiadamy wykszta\u0142cenie wy\u017csze techniczne, jednak\u017ce ka\u017cdy z nas upatrzy\u0142 sobie nieco inn\u0105 dziedzin\u0119 dzia\u0142alno\u015bci.<\/p>\n\n\n\n<p style=\"font-size:clamp(15.747px, 0.984rem + ((1vw - 3.2px) * 0.86), 24px);\">W czasie rozwoju firmy, w spos\u00f3b naturalny zosta\u0142y podzielone mi\u0119dzy nami zadania, kt\u00f3rymi si\u0119 zajmujemy. Pomimo, \u017ce do ka\u017cdego zadania podchodzimy indywidualne to podstawowy podzia\u0142 obowi\u0105zk\u00f3w wygl\u0105da nast\u0119puj\u0105co:<br>&#8211; cz\u0119\u015b\u0107 sprz\u0119towa i oprogramowanie mikro-kontrolera,<br>&#8211; cz\u0119\u015b\u0107 oprogramowania dla \u015brodowiska PC,<br>&#8211; marketing, sprzeda\u017c produkt\u00f3w, serwis.<\/p>\n\n\n\n<p style=\"font-size:clamp(15.747px, 0.984rem + ((1vw - 3.2px) * 0.86), 24px);line-height:1.2\">Podzia\u0142 ten jest raczej elastyczn\u0105 lini\u0105 integruj\u0105c\u0105 zesp\u00f3\u0142 ni\u017c sztywn\u0105 granic\u0105, kt\u00f3ra dzieli.<br><\/p>\n\n\n\n<p style=\"font-size:clamp(15.747px, 0.984rem + ((1vw - 3.2px) * 0.86), 24px);line-height:1.2\"><\/p>\n<\/div>\n<\/div>\n\n\n\n<div class=\"wp-block-columns alignwide is-layout-flex wp-container-core-columns-is-layout-28f84493 wp-block-columns-is-layout-flex\">\n<div class=\"wp-block-column is-layout-flow wp-block-column-is-layout-flow\" style=\"flex-basis:25%\">\n<h2 class=\"wp-block-heading has-body-font-family\" id=\"pisali_o_nas\" style=\"font-size:clamp(18.959px, 1.185rem + ((1vw - 3.2px) * 1.15), 30px);\"><strong>Napisali o nas:<\/strong><\/h2>\n<\/div>\n\n\n\n<div class=\"wp-block-column is-layout-flow wp-block-column-is-layout-flow\" style=\"flex-basis:60%\">\n<p style=\"font-size:clamp(15.747px, 0.984rem + ((1vw - 3.2px) * 0.86), 24px);line-height:1.2\">Cross Country\/ Paramotor Magazine-&nbsp;<a href=\"http:\/\/www.xcmag.com\/2014\/09\/fly-electronics-motomonitor-flight-instrument\/\" target=\"_blank\" rel=\"noreferrer noopener\">xcmag<\/a><\/p>\n\n\n\n<p style=\"font-size:clamp(15.747px, 0.984rem + ((1vw - 3.2px) * 0.86), 24px);\"><a href=\"http:\/\/www.paramotor.com.pl\/prezantacja-motomonitora-ppg-firmy-flyelectronics\/\" target=\"_blank\" rel=\"noreferrer noopener\">Paramotor<\/a><\/p>\n\n\n\n<p style=\"font-size:clamp(15.747px, 0.984rem + ((1vw - 3.2px) * 0.86), 24px);\">Voler Info-&nbsp;<a href=\"http:\/\/flyelectronics.eu\/%20http:\/en.free.aero\/%20en.free.aero\/contents\/Trends-2015-E.pdf\" target=\"_blank\" rel=\"noreferrer noopener\">Free Areo<\/a><\/p>\n\n\n\n<p style=\"font-size:clamp(15.747px, 0.984rem + ((1vw - 3.2px) * 0.86), 24px);line-height:1.2\"><\/p>\n<\/div>\n<\/div>\n\n\n\n<p><\/p>\n<\/div>\n","protected":false},"excerpt":{"rendered":"<p>Pocz\u0105tki firmy si\u0119gaj\u0105 1997 roku, gdy sprzedali\u015bmy pierwszy kompletny projekt. Od tamtego czasu wiele si\u0119 zmieni\u0142o. Projektujemy z jeszcze wi\u0119kszym zapa\u0142em, a z biegiem czasu rozszerzyli\u015bmy swoje horyzonty i rozpocz\u0119li\u015bmy budow\u0119 nowych urz\u0105dze\u0144 w oparciu o najnowsz\u0105 technologi\u0119 BGA. Zajmujemy si\u0119 mi\u0119dzy innymi r\u00f3\u017cnymi ga\u0142\u0119ziami szeroko poj\u0119tej elektroniki. Nieustannie \u015bledzimy trendy i nowo\u015bci pojawiaj\u0105ce si\u0119 [&hellip;]<\/p>\n","protected":false},"author":1,"featured_media":0,"parent":0,"menu_order":0,"comment_status":"closed","ping_status":"closed","template":"page-no-title","meta":{"footnotes":""},"class_list":["post-48","page","type-page","status-publish","hentry"],"_links":{"self":[{"href":"http:\/\/flyelectronics.eu\/index.php\/wp-json\/wp\/v2\/pages\/48","targetHints":{"allow":["GET"]}}],"collection":[{"href":"http:\/\/flyelectronics.eu\/index.php\/wp-json\/wp\/v2\/pages"}],"about":[{"href":"http:\/\/flyelectronics.eu\/index.php\/wp-json\/wp\/v2\/types\/page"}],"author":[{"embeddable":true,"href":"http:\/\/flyelectronics.eu\/index.php\/wp-json\/wp\/v2\/users\/1"}],"replies":[{"embeddable":true,"href":"http:\/\/flyelectronics.eu\/index.php\/wp-json\/wp\/v2\/comments?post=48"}],"version-history":[{"count":11,"href":"http:\/\/flyelectronics.eu\/index.php\/wp-json\/wp\/v2\/pages\/48\/revisions"}],"predecessor-version":[{"id":245,"href":"http:\/\/flyelectronics.eu\/index.php\/wp-json\/wp\/v2\/pages\/48\/revisions\/245"}],"wp:attachment":[{"href":"http:\/\/flyelectronics.eu\/index.php\/wp-json\/wp\/v2\/media?parent=48"}],"curies":[{"name":"wp","href":"https:\/\/api.w.org\/{rel}","templated":true}]}}