{"id":69,"date":"2024-07-21T09:29:20","date_gmt":"2024-07-21T09:29:20","guid":{"rendered":"http:\/\/147.135.210.225\/?page_id=69"},"modified":"2024-07-22T12:22:24","modified_gmt":"2024-07-22T11:22:24","slug":"produkty","status":"publish","type":"page","link":"http:\/\/flyelectronics.eu\/index.php\/produkty\/","title":{"rendered":"Produkty"},"content":{"rendered":"\n<div class=\"wp-block-group alignfull has-accent-background-color has-background has-global-padding is-layout-constrained wp-container-core-group-is-layout-669513ed wp-block-group-is-layout-constrained\" style=\"margin-top:0;margin-bottom:0;padding-top:var(--wp--preset--spacing--50);padding-right:var(--wp--preset--spacing--50);padding-bottom:var(--wp--preset--spacing--50);padding-left:var(--wp--preset--spacing--50)\">\n<div class=\"wp-block-columns alignwide is-layout-flex wp-container-core-columns-is-layout-1da03c2a wp-block-columns-is-layout-flex\">\n<div class=\"wp-block-column is-layout-flow wp-block-column-is-layout-flow\">\n<p style=\"margin-top:0;margin-right:0;margin-bottom:0;margin-left:0;font-style:normal;font-weight:400\">Niezmiernie ciesz\u0105c si\u0119 z Twoich odwiedzin naszej strony pragniemy zach\u0119ci\u0107 Ci\u0119 do zapoznania si\u0119 z produktami, kt\u00f3re mamy do zaoferowania. Z tego powodu, \u017ce przy realizacji wi\u0119kszo\u015bci projekt\u00f3w na zlecenie, zobowi\u0105zani jeste\u015bmy do zachowania poufno\u015bci, prezentowany jest tu jedynie wycinek naszych dotychczasowych osi\u0105gni\u0119\u0107. Jednak\u017ce ca\u0142y czas zwi\u0119kszamy dost\u0119pny asortyment.<\/p>\n\n\n\n<p>W tym dziale opisane zosta\u0142y produkty, kt\u00f3re stworzyli\u015bmy i oferujemy naszym klientom. Aby naby\u0107 kt\u00f3ry\u015b z nich nale\u017cy skorzysta\u0107 z zak\u0142adki &#8222;SKLEP&#8221;.<\/p>\n\n\n\n<p>Stale podnosimy poprzeczk\u0119 np. poprzez stosowanie coraz nowocze\u015bniejszych rozwi\u0105za\u0144, u\u017cywaj\u0105c coraz mniejszych element\u00f3w (obecnie stosujemy elementy mniejsze ni\u017c 1mm). W ostatnim okresie czasu postanowili\u015bmy wypromowa\u0107 tak\u017ce nasze w\u0142asne produkty, co g\u0142\u00f3wnie wynika z polityki firmy, ale tak\u017ce z pasji kt\u00f3ra nas \u0142\u0105czy &#8211; latania. Zawsze staramy si\u0119, zaspokoi\u0107 wymagania zleceniodawcy i odda\u0107 w jego r\u0119ce gotowy i przetestowany produkt, my nie uznajemy kompromis\u00f3w. Zapraszam do zapoznania si\u0119 z gam\u0105 produkt\u00f3w zbudowanych przez nasz\u0105 firm\u0119.<\/p>\n\n\n\n<p>Wybierz o jakim produkcie chcesz dowiedzie\u0107 si\u0119 wi\u0119cej :<\/p>\n\n\n<ul class=\"wp-block-page-list\"><li class=\"wp-block-pages-list__item\"><a class=\"wp-block-pages-list__item__link\" href=\"http:\/\/flyelectronics.eu\/index.php\/o-nas\/\">O nas<\/a><\/li><li class=\"wp-block-pages-list__item has-child\"><a class=\"wp-block-pages-list__item__link\" href=\"http:\/\/flyelectronics.eu\/index.php\/produkty\/\">Produkty<\/a><ul class=\"wp-block-navigation__submenu-container\"><li class=\"wp-block-pages-list__item \"><a class=\"wp-block-pages-list__item__link\" href=\"http:\/\/flyelectronics.eu\/index.php\/produkty\/motomonitor\/\">MotoMonitor<\/a><\/li><li class=\"wp-block-pages-list__item \"><a class=\"wp-block-pages-list__item__link\" href=\"http:\/\/flyelectronics.eu\/index.php\/produkty\/motomonitor-2\/\">MotoMonitor+<\/a><\/li><li class=\"wp-block-pages-list__item \"><a class=\"wp-block-pages-list__item__link\" href=\"http:\/\/flyelectronics.eu\/index.php\/produkty\/bezinwazyjny-czujnik-paliwa\/\">Bezinwazyjny Czujnik Paliwa<\/a><\/li><li class=\"wp-block-pages-list__item \"><a class=\"wp-block-pages-list__item__link\" href=\"http:\/\/flyelectronics.eu\/index.php\/produkty\/ppginfo2-nieprodukowane\/\">PPGinfo2 (nieprodukowane)<\/a><\/li><li class=\"wp-block-pages-list__item \"><a class=\"wp-block-pages-list__item__link\" href=\"http:\/\/flyelectronics.eu\/index.php\/produkty\/ppginfo-black-nieprodukowany\/\">PPGinfo Black (nieprodukowany)<\/a><\/li><li class=\"wp-block-pages-list__item \"><a class=\"wp-block-pages-list__item__link\" href=\"http:\/\/flyelectronics.eu\/index.php\/produkty\/system-monitorowania-pojazow\/\">System monitorowania pojaz\u00f3w<\/a><\/li><li class=\"wp-block-pages-list__item \"><a class=\"wp-block-pages-list__item__link\" href=\"http:\/\/flyelectronics.eu\/index.php\/produkty\/ppginfo\/\">PPGinfo<\/a><\/li><li class=\"wp-block-pages-list__item \"><a class=\"wp-block-pages-list__item__link\" href=\"http:\/\/flyelectronics.eu\/index.php\/produkty\/protoplastappginfo\/\">ProtoplastaPPGinfo<\/a><\/li><\/ul><\/li><li class=\"wp-block-pages-list__item has-child\"><a class=\"wp-block-pages-list__item__link\" href=\"http:\/\/flyelectronics.eu\/index.php\/kontakt\/\">Kontakt<\/a><ul class=\"wp-block-navigation__submenu-container\"><li class=\"wp-block-pages-list__item \"><a class=\"wp-block-pages-list__item__link\" href=\"http:\/\/flyelectronics.eu\/index.php\/kontakt\/dane-kontaktowe\/\">Dane kontaktowe<\/a><\/li><li class=\"wp-block-pages-list__item \"><a class=\"wp-block-pages-list__item__link\" href=\"http:\/\/flyelectronics.eu\/index.php\/kontakt\/nasi-dystrybutorzy\/\">Nasi dystrybutorzy<\/a><\/li><\/ul><\/li><\/ul><\/div>\n<\/div>\n<\/div>\n","protected":false},"excerpt":{"rendered":"<p>Niezmiernie ciesz\u0105c si\u0119 z Twoich odwiedzin naszej strony pragniemy zach\u0119ci\u0107 Ci\u0119 do zapoznania si\u0119 z produktami, kt\u00f3re mamy do zaoferowania. Z tego powodu, \u017ce przy realizacji wi\u0119kszo\u015bci projekt\u00f3w na zlecenie, zobowi\u0105zani jeste\u015bmy do zachowania poufno\u015bci, prezentowany jest tu jedynie wycinek naszych dotychczasowych osi\u0105gni\u0119\u0107. Jednak\u017ce ca\u0142y czas zwi\u0119kszamy dost\u0119pny asortyment. W tym dziale opisane zosta\u0142y produkty, [&hellip;]<\/p>\n","protected":false},"author":1,"featured_media":0,"parent":0,"menu_order":2,"comment_status":"closed","ping_status":"closed","template":"page-no-title","meta":{"footnotes":""},"class_list":["post-69","page","type-page","status-publish","hentry"],"_links":{"self":[{"href":"http:\/\/flyelectronics.eu\/index.php\/wp-json\/wp\/v2\/pages\/69","targetHints":{"allow":["GET"]}}],"collection":[{"href":"http:\/\/flyelectronics.eu\/index.php\/wp-json\/wp\/v2\/pages"}],"about":[{"href":"http:\/\/flyelectronics.eu\/index.php\/wp-json\/wp\/v2\/types\/page"}],"author":[{"embeddable":true,"href":"http:\/\/flyelectronics.eu\/index.php\/wp-json\/wp\/v2\/users\/1"}],"replies":[{"embeddable":true,"href":"http:\/\/flyelectronics.eu\/index.php\/wp-json\/wp\/v2\/comments?post=69"}],"version-history":[{"count":4,"href":"http:\/\/flyelectronics.eu\/index.php\/wp-json\/wp\/v2\/pages\/69\/revisions"}],"predecessor-version":[{"id":306,"href":"http:\/\/flyelectronics.eu\/index.php\/wp-json\/wp\/v2\/pages\/69\/revisions\/306"}],"wp:attachment":[{"href":"http:\/\/flyelectronics.eu\/index.php\/wp-json\/wp\/v2\/media?parent=69"}],"curies":[{"name":"wp","href":"https:\/\/api.w.org\/{rel}","templated":true}]}}